{"id":5394,"date":"2024-05-22T10:48:25","date_gmt":"2024-05-22T08:48:25","guid":{"rendered":"https:\/\/livinsaludmental.com\/jolas\/"},"modified":"2024-12-02T10:19:24","modified_gmt":"2024-12-02T09:19:24","slug":"jolas","status":"publish","type":"page","link":"https:\/\/livinsaludmental.com\/eu\/jolas\/","title":{"rendered":"Jolas"},"content":{"rendered":"<p>[vc_section full_width=&#8221;stretch_row_content&#8221; full_height=&#8221;yes&#8221; css=&#8221;.vc_custom_1716547800847{background-color: #fff5ee !important;}&#8221;][vc_row][vc_column][vc_empty_space height=&#8221;10px&#8221;]<div class=\"vlthemes_custom_69e38ea2cd180   vlt-animation-block\" data-aos=\"fade\" data-aos-delay=\"0\"><h2 class=\"vlthemes_custom_69e38ea2cd28d   vc_custom_1730809752770 vlt-heading  text-center\" style=\"color:#e87497;\"><h3 style=\"color:#EE3666;text-align:center\">Iepa! Hau hastear dago<\/h3><\/h2><\/div>[\/vc_column][\/vc_row][vc_row full_width=&#8221;stretch_row_content_no_spaces&#8221; gap=&#8221;35&#8243; equal_height=&#8221;yes&#8221; css=&#8221;.vc_custom_1716550275699{margin-top: 20px !important;margin-bottom: 20px !important;}&#8221;][vc_column width=&#8221;1\/4&#8243;][\/vc_column][vc_column width=&#8221;1\/2&#8243;]<div class=\"vlthemes_custom_69e38ea2cd530   vlt-animation-block\" data-aos=\"fade\" data-aos-delay=\"100\">[vc_column_text css=&#8221;.vc_custom_1716543632702{margin-bottom: 0px !important;}&#8221;][\/vc_column_text][vc_raw_html]PHAgc3R5bGU9InRleHQtYWxpZ246IGp1c3RpZnk7Ij5BdWtlcmF0dSBiaXppIGl6YW4gZHV6dW4gZWdvZXJhcmVraW4gZWRvIHNlbnRpdHUgZHV6dW4gZW1vemlvYXJla2luIGdlaGllbiBlZ29raXR6ZW4gZGVuIHR4YXJ0ZWxhLiBadXJlIGVtb3ppb2FrIGV0YSBwZW50c2FtZW5kdWFrIGhvYmV0byB1bGVydHplbiBsYWd1bnR6ZWtvIGRpc2VpbmF0dXRha28gYmlkYWlhIHBlcnRzb25hbGEgZGEgaGF1LjwvcD4=[\/vc_raw_html]<\/div>[\/vc_column][vc_column width=&#8221;1\/4&#8243;][\/vc_column][\/vc_row][vc_row full_width=&#8221;stretch_row_content_no_spaces&#8221; gap=&#8221;35&#8243; equal_height=&#8221;yes&#8221; vlt_overflow=&#8221;enable&#8221; css=&#8221;.vc_custom_1716551025188{margin-right: 70px !important;margin-bottom: 90px !important;margin-left: 70px !important;}&#8221; vlt_shortcode_inside_row=&#8221;`{`vlt_particle image=&#8220;3&#8220; image_size=&#8220;leedo-800&#215;600&#8220; y=&#8220;100&#8220; x=&#8220;0&#8220; spin=&#8220;&#8220; style=&#8220;max-width: 310px; bottom: 0; right: -100px;&#8220;`}`&#8221;][vc_column width=&#8221;1\/5&#8243;][\/vc_column][vc_column width=&#8221;1\/5&#8243; css=&#8221;.vc_custom_1716549012918{padding-right: 20px !important;padding-left: 20px !important;background-color: #fcc622 !important;border-radius: 15px !important;}&#8221;]<div class=\"vlthemes_custom_69e38ea2cd5b8   vlt-animation-block\" data-aos=\"fade\" data-aos-delay=\"100\"><div class=\"vlthemes_custom_69e38ea2cd64a   vc_custom_1730804914673 vlt-services-box\"><div class=\"vlt-services-box__zigzag\"\r\n\t\t\t\tstyle=\"background: 0 repeat-x url('data:image\/svg+xml;utf-8,%3C%3Fxml%20version%3D%221.0%22%20encoding%3D%22utf-8%22%3F%3E%3C%21DOCTYPE%20svg%20PUBLIC%20%22-%2F%2FW3C%2F%2FDTD%20SVG%201.1%2F%2FEN%22%20%22http%3A%2F%2Fwww.w3.org%2FGraphics%2FSVG%2F1.1%2FDTD%2Fsvg11.dtd%22%3E%3Csvg%20width%3D%2213px%22%20height%3D%2211px%22%20viewBox%3D%220%200%2018%2015%22%20version%3D%221.1%22%20xmlns%3D%22http%3A%2F%2Fwww.w3.org%2F2000%2Fsvg%22%20xmlns%3Axlink%3D%22http%3A%2F%2Fwww.w3.org%2F1999%2Fxlink%22%3E%3Cpolygon%20id%3D%22Combined-Shape%22%20fill%3D%22rgba%28221%2C192%2C144%2C0.01%29%22%20points%3D%228.98762301%200%200%209.12771969%200%2014.519983%209%205.40479869%2018%2014.519983%2018%209.12771969%22%3E%3C%2Fpolygon%3E%3C%2Fsvg%3E')\"><\/div><p class=\"vlt-services-box__text\" style=\"color:#0a0a0a;\"><\/br><p style=\"color: black;text-align:left;font-size:19px;line-height:25px\">Etxean tentsioak edo eztabaidak dauden bakoitzean, asko estutzen naiz.<\/p><a href=\"https:\/\/livinsaludmental.com\/eu\/jolas-1\/\" class=\"vlt-services-box__link\"><span><i class=\"leedo-right-arrow\"><\/i><\/span><\/a><\/div>[vc_single_image image=&#8221;3660&#8243; img_size=&#8221;50&#215;50&#8243; css=&#8221;.vc_custom_1716549783368{margin-top: -40px !important;margin-left: 25px !important;}&#8221;]<\/div>[\/vc_column][vc_column width=&#8221;1\/5&#8243; css=&#8221;.vc_custom_1718004731970{padding-right: 20px !important;padding-left: 20px !important;background-color: #ea89b9 !important;border-radius: 15px !important;}&#8221;]<div class=\"vlthemes_custom_69e38ea2cd82a   vlt-animation-block\" data-aos=\"fade\" data-aos-delay=\"100\"><div class=\"vlthemes_custom_69e38ea2cd8b3   vc_custom_1733131159032 vlt-services-box\"><div class=\"vlt-services-box__zigzag\"\r\n\t\t\t\tstyle=\"background: 0 repeat-x url('data:image\/svg+xml;utf-8,%3C%3Fxml%20version%3D%221.0%22%20encoding%3D%22utf-8%22%3F%3E%3C%21DOCTYPE%20svg%20PUBLIC%20%22-%2F%2FW3C%2F%2FDTD%20SVG%201.1%2F%2FEN%22%20%22http%3A%2F%2Fwww.w3.org%2FGraphics%2FSVG%2F1.1%2FDTD%2Fsvg11.dtd%22%3E%3Csvg%20width%3D%2213px%22%20height%3D%2211px%22%20viewBox%3D%220%200%2018%2015%22%20version%3D%221.1%22%20xmlns%3D%22http%3A%2F%2Fwww.w3.org%2F2000%2Fsvg%22%20xmlns%3Axlink%3D%22http%3A%2F%2Fwww.w3.org%2F1999%2Fxlink%22%3E%3Cpolygon%20id%3D%22Combined-Shape%22%20fill%3D%22rgba%28221%2C192%2C144%2C0.01%29%22%20points%3D%228.98762301%200%200%209.12771969%200%2014.519983%209%205.40479869%2018%2014.519983%2018%209.12771969%22%3E%3C%2Fpolygon%3E%3C%2Fsvg%3E')\"><\/div><p class=\"vlt-services-box__text\" style=\"color:#0a0a0a;\"><\/br><p style=\"color: black;text-align:left;font-size:19px;line-height:25px\">Nire lagunek barre egiten didate beti, eta txantxetan dela dioten arren, sakon zauritzen naute.<\/p><a href=\"https:\/\/livinsaludmental.com\/eu\/jolas-2\/\" class=\"vlt-services-box__link\"><span><i class=\"leedo-right-arrow\"><\/i><\/span><\/a><\/div>[vc_single_image image=&#8221;4064&#8243; img_size=&#8221;50&#215;50&#8243; css=&#8221;.vc_custom_1718005024998{margin-top: -40px !important;margin-left: 25px !important;}&#8221;]<\/div>[\/vc_column][vc_column width=&#8221;1\/5&#8243; css=&#8221;.vc_custom_1716550509468{padding-right: 20px !important;padding-left: 20px !important;background-color: #889cf4 !important;border-radius: 15px !important;}&#8221;]<div class=\"vlthemes_custom_69e38ea2cda0f   vlt-animation-block\" data-aos=\"fade\" data-aos-delay=\"100\"><div class=\"vlthemes_custom_69e38ea2cdeed   vc_custom_1731605389828 vlt-services-box\"><div class=\"vlt-services-box__zigzag\"\r\n\t\t\t\tstyle=\"background: 0 repeat-x url('data:image\/svg+xml;utf-8,%3C%3Fxml%20version%3D%221.0%22%20encoding%3D%22utf-8%22%3F%3E%3C%21DOCTYPE%20svg%20PUBLIC%20%22-%2F%2FW3C%2F%2FDTD%20SVG%201.1%2F%2FEN%22%20%22http%3A%2F%2Fwww.w3.org%2FGraphics%2FSVG%2F1.1%2FDTD%2Fsvg11.dtd%22%3E%3Csvg%20width%3D%2213px%22%20height%3D%2211px%22%20viewBox%3D%220%200%2018%2015%22%20version%3D%221.1%22%20xmlns%3D%22http%3A%2F%2Fwww.w3.org%2F2000%2Fsvg%22%20xmlns%3Axlink%3D%22http%3A%2F%2Fwww.w3.org%2F1999%2Fxlink%22%3E%3Cpolygon%20id%3D%22Combined-Shape%22%20fill%3D%22rgba%28221%2C192%2C144%2C0.01%29%22%20points%3D%228.98762301%200%200%209.12771969%200%2014.519983%209%205.40479869%2018%2014.519983%2018%209.12771969%22%3E%3C%2Fpolygon%3E%3C%2Fsvg%3E')\"><\/div><p class=\"vlt-services-box__text\" style=\"color:#0a0a0a;\"><\/br><p style=\"color: black;text-align:left;font-size:19px;line-height:25px\">Ez nau egoera batek ere definitzen.<\/p><a href=\"https:\/\/livinsaludmental.com\/eu\/jolas-1\/\" class=\"vlt-services-box__link\"><span><i class=\"leedo-right-arrow\"><\/i><\/span><\/a><\/div>[vc_single_image image=&#8221;3677&#8243; img_size=&#8221;50&#215;50&#8243; css=&#8221;.vc_custom_1716550522846{margin-top: -40px !important;margin-left: 25px !important;}&#8221;]<\/div>[\/vc_column][vc_column width=&#8221;1\/5&#8243;][\/vc_column][\/vc_row][\/vc_section]<\/p>\n","protected":false},"excerpt":{"rendered":"<p>[vc_section full_width=&#8221;stretch_row_content&#8221; full_height=&#8221;yes&#8221; css=&#8221;.vc_custom_1716547800847{background-color: #fff5ee !important;}&#8221;][vc_row][vc_column][vc_empty_space height=&#8221;10px&#8221;][\/vc_column][\/vc_row][vc_row full_width=&#8221;stretch_row_content_no_spaces&#8221; gap=&#8221;35&#8243; equal_height=&#8221;yes&#8221; css=&#8221;.vc_custom_1716550275699{margin-top: 20px !important;margin-bottom: 20px !important;}&#8221;][vc_column width=&#8221;1\/4&#8243;][\/vc_column][vc_column width=&#8221;1\/2&#8243;][\/vc_column][vc_column width=&#8221;1\/4&#8243;][\/vc_column][\/vc_row][vc_row full_width=&#8221;stretch_row_content_no_spaces&#8221; gap=&#8221;35&#8243; equal_height=&#8221;yes&#8221; vlt_overflow=&#8221;enable&#8221; css=&#8221;.vc_custom_1716551025188{margin-right: 70px !important;margin-bottom: 90px !important;margin-left: 70px !important;}&#8221; vlt_shortcode_inside_row=&#8221;`{`vlt_particle image=&#8220;3&#8220; image_size=&#8220;leedo-800&#215;600&#8220; y=&#8220;100&#8220; x=&#8220;0&#8220; spin=&#8220;&#8220; style=&#8220;max-width: 310px; bottom: 0; right: -100px;&#8220;`}`&#8221;][vc_column width=&#8221;1\/5&#8243;][\/vc_column][vc_column width=&#8221;1\/5&#8243; css=&#8221;.vc_custom_1716549012918{padding-right: 20px !important;padding-left: 20px !important;background-color: #fcc622 !important;border-radius: 15px !important;}&#8221;][\/vc_column][vc_column width=&#8221;1\/5&#8243; css=&#8221;.vc_custom_1718004731970{padding-right: 20px [&hellip;]<\/p>\n","protected":false},"author":1,"featured_media":5136,"parent":0,"menu_order":12,"comment_status":"closed","ping_status":"closed","template":"template-custom-page.php","meta":{"_acf_changed":false,"_vp_format_video_url":"","_vp_image_focal_point":[],"footnotes":""},"class_list":["post-5394","page","type-page","status-publish","has-post-thumbnail","hentry"],"acf":[],"yoast_head":"<!-- This site is optimized with the Yoast SEO plugin v27.0 - https:\/\/yoast.com\/product\/yoast-seo-wordpress\/ -->\n<title>Livin&#039; - Juego sentires<\/title>\n<meta name=\"description\" content=\"Comienza este juego eligiendo la tarjeta que m\u00e1s encaje con alguna situaci\u00f3n que hayas vivido o emoci\u00f3n que hayas sentido.\" \/>\n<meta name=\"robots\" content=\"index, follow, max-snippet:-1, max-image-preview:large, max-video-preview:-1\" \/>\n<link rel=\"canonical\" href=\"https:\/\/livinsaludmental.com\/eu\/jolas\/\" \/>\n<meta property=\"og:locale\" content=\"eu_ES\" \/>\n<meta property=\"og:type\" content=\"article\" \/>\n<meta property=\"og:title\" content=\"Livin&#039; - Juego sentires\" \/>\n<meta property=\"og:description\" content=\"Comienza este juego eligiendo la tarjeta que m\u00e1s encaje con alguna situaci\u00f3n que hayas vivido o emoci\u00f3n que hayas sentido.\" \/>\n<meta property=\"og:url\" content=\"https:\/\/livinsaludmental.com\/eu\/jolas\/\" \/>\n<meta property=\"og:site_name\" content=\"Livin\" \/>\n<meta property=\"article:publisher\" content=\"https:\/\/www.facebook.com\/asociacionavifes\/\" \/>\n<meta property=\"article:modified_time\" content=\"2024-12-02T09:19:24+00:00\" \/>\n<meta property=\"og:image\" content=\"https:\/\/livinsaludmental.com\/wp-content\/uploads\/2024\/05\/3-1.png\" \/>\n\t<meta property=\"og:image:width\" content=\"800\" \/>\n\t<meta property=\"og:image:height\" content=\"800\" \/>\n\t<meta property=\"og:image:type\" content=\"image\/png\" \/>\n<meta name=\"twitter:card\" content=\"summary_large_image\" \/>\n<meta name=\"twitter:label1\" content=\"Est. reading time\" \/>\n\t<meta name=\"twitter:data1\" content=\"1 minute\" \/>\n<script type=\"application\/ld+json\" class=\"yoast-schema-graph\">{\"@context\":\"https:\/\/schema.org\",\"@graph\":[{\"@type\":\"WebPage\",\"@id\":\"https:\/\/livinsaludmental.com\/eu\/jolas\/\",\"url\":\"https:\/\/livinsaludmental.com\/eu\/jolas\/\",\"name\":\"Livin' - Juego sentires\",\"isPartOf\":{\"@id\":\"https:\/\/livinsaludmental.com\/#website\"},\"primaryImageOfPage\":{\"@id\":\"https:\/\/livinsaludmental.com\/eu\/jolas\/#primaryimage\"},\"image\":{\"@id\":\"https:\/\/livinsaludmental.com\/eu\/jolas\/#primaryimage\"},\"thumbnailUrl\":\"https:\/\/livinsaludmental.com\/wp-content\/uploads\/2024\/05\/3-1.png\",\"datePublished\":\"2024-05-22T08:48:25+00:00\",\"dateModified\":\"2024-12-02T09:19:24+00:00\",\"description\":\"Comienza este juego eligiendo la tarjeta que m\u00e1s encaje con alguna situaci\u00f3n que hayas vivido o emoci\u00f3n que hayas sentido.\",\"breadcrumb\":{\"@id\":\"https:\/\/livinsaludmental.com\/eu\/jolas\/#breadcrumb\"},\"inLanguage\":\"eu-ES\",\"potentialAction\":[{\"@type\":\"ReadAction\",\"target\":[\"https:\/\/livinsaludmental.com\/eu\/jolas\/\"]}]},{\"@type\":\"ImageObject\",\"inLanguage\":\"eu-ES\",\"@id\":\"https:\/\/livinsaludmental.com\/eu\/jolas\/#primaryimage\",\"url\":\"https:\/\/livinsaludmental.com\/wp-content\/uploads\/2024\/05\/3-1.png\",\"contentUrl\":\"https:\/\/livinsaludmental.com\/wp-content\/uploads\/2024\/05\/3-1.png\",\"width\":800,\"height\":800},{\"@type\":\"BreadcrumbList\",\"@id\":\"https:\/\/livinsaludmental.com\/eu\/jolas\/#breadcrumb\",\"itemListElement\":[{\"@type\":\"ListItem\",\"position\":1,\"name\":\"Portada\",\"item\":\"https:\/\/livinsaludmental.com\/eu\/\"},{\"@type\":\"ListItem\",\"position\":2,\"name\":\"Jolas\"}]},{\"@type\":\"WebSite\",\"@id\":\"https:\/\/livinsaludmental.com\/#website\",\"url\":\"https:\/\/livinsaludmental.com\/\",\"name\":\"Livin\",\"description\":\"Hablemos de salud mental\",\"publisher\":{\"@id\":\"https:\/\/livinsaludmental.com\/#organization\"},\"alternateName\":\"Livinsaludmental\",\"potentialAction\":[{\"@type\":\"SearchAction\",\"target\":{\"@type\":\"EntryPoint\",\"urlTemplate\":\"https:\/\/livinsaludmental.com\/?s={search_term_string}\"},\"query-input\":{\"@type\":\"PropertyValueSpecification\",\"valueRequired\":true,\"valueName\":\"search_term_string\"}}],\"inLanguage\":\"eu-ES\"},{\"@type\":\"Organization\",\"@id\":\"https:\/\/livinsaludmental.com\/#organization\",\"name\":\"Livin\",\"alternateName\":\"Livinsaludmental\",\"url\":\"https:\/\/livinsaludmental.com\/\",\"logo\":{\"@type\":\"ImageObject\",\"inLanguage\":\"eu-ES\",\"@id\":\"https:\/\/livinsaludmental.com\/#\/schema\/logo\/image\/\",\"url\":\"https:\/\/livinsaludmental.com\/wp-content\/uploads\/2024\/10\/2-2.png\",\"contentUrl\":\"https:\/\/livinsaludmental.com\/wp-content\/uploads\/2024\/10\/2-2.png\",\"width\":250,\"height\":250,\"caption\":\"Livin\"},\"image\":{\"@id\":\"https:\/\/livinsaludmental.com\/#\/schema\/logo\/image\/\"},\"sameAs\":[\"https:\/\/www.facebook.com\/asociacionavifes\/\",\"https:\/\/www.instagram.com\/avifesbizkaia\",\"https:\/\/www.youtube.com\/@avifes9648\"]}]}<\/script>\n<!-- \/ Yoast SEO plugin. -->","yoast_head_json":{"title":"Livin' - Juego sentires","description":"Comienza este juego eligiendo la tarjeta que m\u00e1s encaje con alguna situaci\u00f3n que hayas vivido o emoci\u00f3n que hayas sentido.","robots":{"index":"index","follow":"follow","max-snippet":"max-snippet:-1","max-image-preview":"max-image-preview:large","max-video-preview":"max-video-preview:-1"},"canonical":"https:\/\/livinsaludmental.com\/eu\/jolas\/","og_locale":"eu_ES","og_type":"article","og_title":"Livin' - Juego sentires","og_description":"Comienza este juego eligiendo la tarjeta que m\u00e1s encaje con alguna situaci\u00f3n que hayas vivido o emoci\u00f3n que hayas sentido.","og_url":"https:\/\/livinsaludmental.com\/eu\/jolas\/","og_site_name":"Livin","article_publisher":"https:\/\/www.facebook.com\/asociacionavifes\/","article_modified_time":"2024-12-02T09:19:24+00:00","og_image":[{"width":800,"height":800,"url":"https:\/\/livinsaludmental.com\/wp-content\/uploads\/2024\/05\/3-1.png","type":"image\/png"}],"twitter_card":"summary_large_image","twitter_misc":{"Est. reading time":"1 minute"},"schema":{"@context":"https:\/\/schema.org","@graph":[{"@type":"WebPage","@id":"https:\/\/livinsaludmental.com\/eu\/jolas\/","url":"https:\/\/livinsaludmental.com\/eu\/jolas\/","name":"Livin' - Juego sentires","isPartOf":{"@id":"https:\/\/livinsaludmental.com\/#website"},"primaryImageOfPage":{"@id":"https:\/\/livinsaludmental.com\/eu\/jolas\/#primaryimage"},"image":{"@id":"https:\/\/livinsaludmental.com\/eu\/jolas\/#primaryimage"},"thumbnailUrl":"https:\/\/livinsaludmental.com\/wp-content\/uploads\/2024\/05\/3-1.png","datePublished":"2024-05-22T08:48:25+00:00","dateModified":"2024-12-02T09:19:24+00:00","description":"Comienza este juego eligiendo la tarjeta que m\u00e1s encaje con alguna situaci\u00f3n que hayas vivido o emoci\u00f3n que hayas sentido.","breadcrumb":{"@id":"https:\/\/livinsaludmental.com\/eu\/jolas\/#breadcrumb"},"inLanguage":"eu-ES","potentialAction":[{"@type":"ReadAction","target":["https:\/\/livinsaludmental.com\/eu\/jolas\/"]}]},{"@type":"ImageObject","inLanguage":"eu-ES","@id":"https:\/\/livinsaludmental.com\/eu\/jolas\/#primaryimage","url":"https:\/\/livinsaludmental.com\/wp-content\/uploads\/2024\/05\/3-1.png","contentUrl":"https:\/\/livinsaludmental.com\/wp-content\/uploads\/2024\/05\/3-1.png","width":800,"height":800},{"@type":"BreadcrumbList","@id":"https:\/\/livinsaludmental.com\/eu\/jolas\/#breadcrumb","itemListElement":[{"@type":"ListItem","position":1,"name":"Portada","item":"https:\/\/livinsaludmental.com\/eu\/"},{"@type":"ListItem","position":2,"name":"Jolas"}]},{"@type":"WebSite","@id":"https:\/\/livinsaludmental.com\/#website","url":"https:\/\/livinsaludmental.com\/","name":"Livin","description":"Hablemos de salud mental","publisher":{"@id":"https:\/\/livinsaludmental.com\/#organization"},"alternateName":"Livinsaludmental","potentialAction":[{"@type":"SearchAction","target":{"@type":"EntryPoint","urlTemplate":"https:\/\/livinsaludmental.com\/?s={search_term_string}"},"query-input":{"@type":"PropertyValueSpecification","valueRequired":true,"valueName":"search_term_string"}}],"inLanguage":"eu-ES"},{"@type":"Organization","@id":"https:\/\/livinsaludmental.com\/#organization","name":"Livin","alternateName":"Livinsaludmental","url":"https:\/\/livinsaludmental.com\/","logo":{"@type":"ImageObject","inLanguage":"eu-ES","@id":"https:\/\/livinsaludmental.com\/#\/schema\/logo\/image\/","url":"https:\/\/livinsaludmental.com\/wp-content\/uploads\/2024\/10\/2-2.png","contentUrl":"https:\/\/livinsaludmental.com\/wp-content\/uploads\/2024\/10\/2-2.png","width":250,"height":250,"caption":"Livin"},"image":{"@id":"https:\/\/livinsaludmental.com\/#\/schema\/logo\/image\/"},"sameAs":["https:\/\/www.facebook.com\/asociacionavifes\/","https:\/\/www.instagram.com\/avifesbizkaia","https:\/\/www.youtube.com\/@avifes9648"]}]}},"_links":{"self":[{"href":"https:\/\/livinsaludmental.com\/eu\/wp-json\/wp\/v2\/pages\/5394","targetHints":{"allow":["GET"]}}],"collection":[{"href":"https:\/\/livinsaludmental.com\/eu\/wp-json\/wp\/v2\/pages"}],"about":[{"href":"https:\/\/livinsaludmental.com\/eu\/wp-json\/wp\/v2\/types\/page"}],"author":[{"embeddable":true,"href":"https:\/\/livinsaludmental.com\/eu\/wp-json\/wp\/v2\/users\/1"}],"replies":[{"embeddable":true,"href":"https:\/\/livinsaludmental.com\/eu\/wp-json\/wp\/v2\/comments?post=5394"}],"version-history":[{"count":7,"href":"https:\/\/livinsaludmental.com\/eu\/wp-json\/wp\/v2\/pages\/5394\/revisions"}],"predecessor-version":[{"id":5758,"href":"https:\/\/livinsaludmental.com\/eu\/wp-json\/wp\/v2\/pages\/5394\/revisions\/5758"}],"wp:featuredmedia":[{"embeddable":true,"href":"https:\/\/livinsaludmental.com\/eu\/wp-json\/wp\/v2\/media\/5136"}],"wp:attachment":[{"href":"https:\/\/livinsaludmental.com\/eu\/wp-json\/wp\/v2\/media?parent=5394"}],"curies":[{"name":"wp","href":"https:\/\/api.w.org\/{rel}","templated":true}]}}